{"id":15,"date":"2023-09-11T13:01:10","date_gmt":"2023-09-11T13:01:10","guid":{"rendered":"https:\/\/pechesteagathe.com\/?page_id=15"},"modified":"2026-03-29T14:43:43","modified_gmt":"2026-03-29T14:43:43","slug":"beautiful-portfolios-for-exceptional-creatives","status":"publish","type":"page","link":"https:\/\/pechesteagathe.com\/","title":{"rendered":""},"content":{"rendered":"<\/p>\n<p class=\"has-text-align-center\">Bienvenue au Domaine de p\u00eache de Sainte-Agathe-de-Lotbini\u00e8re, un lieu id\u00e9al pour la p\u00eache en famille au c\u0153ur de la nature !<\/p>\n\n\n<div style=\"height:55px\" aria-hidden=\"true\" class=\"wp-block-spacer\"><\/div>\n\n\n\n<a name=\"peche\"><\/a>\n\n\n\n<div class=\"wp-block-group alignfull .peche has-background has-global-padding is-layout-constrained wp-block-group-is-layout-constrained\" style=\"background-color:#9fd163;padding-top:var(--wp--preset--spacing--x-small);padding-bottom:var(--wp--preset--spacing--x-small)\">\n<div class=\"wp-block-columns peche is-layout-flex wp-container-core-columns-is-layout-28f84493 wp-block-columns-is-layout-flex\">\n<div class=\"wp-block-column is-vertically-aligned-center is-layout-flow wp-block-column-is-layout-flow\">\n<h2 class=\"wp-block-heading\">P\u00eache<\/h2>\n\n\n\n<p>Lac ensemenc\u00e9 de truites mouchet\u00e9es.<\/p>\n\n\n\n<p>Vous devez apporter vos cannes et app\u00e2ts.<\/p>\n\n\n\n<p>7.00$ \/ truite<\/p>\n\n\n\n<p>Ouvert tous les jours de mi-mai \u00e0 mi-ao\u00fbt.<\/p>\n\n\n\n<p>9h \u00e0 17h<\/p>\n\n\n\n<div class=\"wp-block-buttons is-horizontal is-content-justification-left is-layout-flex wp-container-core-buttons-is-layout-20be11b6 wp-block-buttons-is-layout-flex\"><\/div>\n\n\n\n<p><\/p>\n<\/div>\n\n\n\n<div class=\"wp-block-column is-layout-flow wp-block-column-is-layout-flow\">\n<div style=\"height:48px\" aria-hidden=\"true\" class=\"wp-block-spacer\"><\/div>\n\n\n\n<figure class=\"wp-block-image size-full\"><img loading=\"lazy\" decoding=\"async\" width=\"800\" height=\"554\" src=\"https:\/\/pechesteagathe.com\/wp-content\/uploads\/2023\/09\/truite.png\" alt=\"\" class=\"wp-image-38\" srcset=\"https:\/\/pechesteagathe.com\/wp-content\/uploads\/2023\/09\/truite.png 800w, https:\/\/pechesteagathe.com\/wp-content\/uploads\/2023\/09\/truite-300x208.png 300w, https:\/\/pechesteagathe.com\/wp-content\/uploads\/2023\/09\/truite-768x532.png 768w\" sizes=\"auto, (max-width: 800px) 100vw, 800px\" \/><\/figure>\n<\/div>\n<\/div>\n<\/div>\n\n\n\n<a name=\"camping\"><\/a>\n\n\n\n<div class=\"wp-block-group alignfull is-layout-flow wp-block-group-is-layout-flow\">\n<div class=\"wp-block-columns are-vertically-aligned-center is-layout-flex wp-container-core-columns-is-layout-28f84493 wp-block-columns-is-layout-flex\">\n<div class=\"wp-block-column is-vertically-aligned-center is-layout-flow wp-block-column-is-layout-flow\">\n<div style=\"height:48px\" aria-hidden=\"true\" class=\"wp-block-spacer\"><\/div>\n\n\n\n<figure class=\"wp-block-image size-large\"><img loading=\"lazy\" decoding=\"async\" width=\"1024\" height=\"683\" src=\"https:\/\/pechesteagathe.com\/wp-content\/uploads\/2023\/09\/camping-1024x683.png\" alt=\"\" class=\"wp-image-43\" srcset=\"https:\/\/pechesteagathe.com\/wp-content\/uploads\/2023\/09\/camping-1024x683.png 1024w, https:\/\/pechesteagathe.com\/wp-content\/uploads\/2023\/09\/camping-300x200.png 300w, https:\/\/pechesteagathe.com\/wp-content\/uploads\/2023\/09\/camping-768x512.png 768w, https:\/\/pechesteagathe.com\/wp-content\/uploads\/2023\/09\/camping-1536x1024.png 1536w, https:\/\/pechesteagathe.com\/wp-content\/uploads\/2023\/09\/camping.png 1920w\" sizes=\"auto, (max-width: 1024px) 100vw, 1024px\" \/><\/figure>\n<\/div>\n\n\n\n<div class=\"wp-block-column is-vertically-aligned-center is-layout-flow wp-block-column-is-layout-flow\">\n<h2 class=\"wp-block-heading\">Terrains saisonniers<\/h2>\n\n\n\n<p>Contactez-nous pour connaitre les terrains disponibles pour la saison.<\/p>\n\n\n\n<div class=\"wp-block-buttons has-custom-font-size has-medium-font-size is-layout-flex wp-block-buttons-is-layout-flex\">\n<div class=\"wp-block-button is-style-fill\"><a class=\"wp-block-button__link wp-element-button\" href=\"\/#contact\">NOUS JOINDRE<\/a><\/div>\n<\/div>\n<\/div>\n<\/div>\n<\/div>\n\n\n\n<div class=\"wp-block-group alignfull has-background is-layout-flow wp-block-group-is-layout-flow\" style=\"background-color:#01aef3\">\n<h2 class=\"wp-block-heading has-text-align-center has-white-color has-text-color\"><strong>Gallery<\/strong><\/h2>\n\n\n\n<figure class=\"wp-block-gallery aligncenter has-nested-images columns-default is-cropped wp-block-gallery-1 is-layout-flex wp-block-gallery-is-layout-flex\">\n<figure class=\"wp-block-image size-large\"><img loading=\"lazy\" decoding=\"async\" width=\"1024\" height=\"1024\" data-id=\"45\" src=\"https:\/\/pechesteagathe.com\/wp-content\/uploads\/2023\/09\/camping1-1-1024x1024.png\" alt=\"\" class=\"wp-image-45\" srcset=\"https:\/\/pechesteagathe.com\/wp-content\/uploads\/2023\/09\/camping1-1-1024x1024.png 1024w, https:\/\/pechesteagathe.com\/wp-content\/uploads\/2023\/09\/camping1-1-300x300.png 300w, https:\/\/pechesteagathe.com\/wp-content\/uploads\/2023\/09\/camping1-1-150x150.png 150w, https:\/\/pechesteagathe.com\/wp-content\/uploads\/2023\/09\/camping1-1-768x768.png 768w, https:\/\/pechesteagathe.com\/wp-content\/uploads\/2023\/09\/camping1-1.png 1080w\" sizes=\"auto, (max-width: 1024px) 100vw, 1024px\" \/><\/figure>\n\n\n\n<figure class=\"wp-block-image size-large\"><img loading=\"lazy\" decoding=\"async\" width=\"1024\" height=\"1024\" data-id=\"46\" src=\"https:\/\/pechesteagathe.com\/wp-content\/uploads\/2023\/09\/camping2-1024x1024.png\" alt=\"\" class=\"wp-image-46\" srcset=\"https:\/\/pechesteagathe.com\/wp-content\/uploads\/2023\/09\/camping2-1024x1024.png 1024w, https:\/\/pechesteagathe.com\/wp-content\/uploads\/2023\/09\/camping2-300x300.png 300w, https:\/\/pechesteagathe.com\/wp-content\/uploads\/2023\/09\/camping2-150x150.png 150w, https:\/\/pechesteagathe.com\/wp-content\/uploads\/2023\/09\/camping2-768x768.png 768w, https:\/\/pechesteagathe.com\/wp-content\/uploads\/2023\/09\/camping2.png 1080w\" sizes=\"auto, (max-width: 1024px) 100vw, 1024px\" \/><\/figure>\n\n\n\n<figure class=\"wp-block-image size-large\"><img loading=\"lazy\" decoding=\"async\" width=\"1024\" height=\"1024\" data-id=\"47\" src=\"https:\/\/pechesteagathe.com\/wp-content\/uploads\/2023\/09\/camping3-1024x1024.png\" alt=\"\" class=\"wp-image-47\" srcset=\"https:\/\/pechesteagathe.com\/wp-content\/uploads\/2023\/09\/camping3-1024x1024.png 1024w, https:\/\/pechesteagathe.com\/wp-content\/uploads\/2023\/09\/camping3-300x300.png 300w, https:\/\/pechesteagathe.com\/wp-content\/uploads\/2023\/09\/camping3-150x150.png 150w, https:\/\/pechesteagathe.com\/wp-content\/uploads\/2023\/09\/camping3-768x768.png 768w, https:\/\/pechesteagathe.com\/wp-content\/uploads\/2023\/09\/camping3.png 1080w\" sizes=\"auto, (max-width: 1024px) 100vw, 1024px\" \/><\/figure>\n\n\n\n<figure class=\"wp-block-image size-large\"><img loading=\"lazy\" decoding=\"async\" width=\"1024\" height=\"1024\" data-id=\"49\" src=\"https:\/\/pechesteagathe.com\/wp-content\/uploads\/2023\/09\/peche2-1024x1024.png\" alt=\"\" class=\"wp-image-49\" srcset=\"https:\/\/pechesteagathe.com\/wp-content\/uploads\/2023\/09\/peche2-1024x1024.png 1024w, https:\/\/pechesteagathe.com\/wp-content\/uploads\/2023\/09\/peche2-300x300.png 300w, https:\/\/pechesteagathe.com\/wp-content\/uploads\/2023\/09\/peche2-150x150.png 150w, https:\/\/pechesteagathe.com\/wp-content\/uploads\/2023\/09\/peche2-768x768.png 768w, https:\/\/pechesteagathe.com\/wp-content\/uploads\/2023\/09\/peche2.png 1080w\" sizes=\"auto, (max-width: 1024px) 100vw, 1024px\" \/><\/figure>\n\n\n\n<figure class=\"wp-block-image size-large\"><img loading=\"lazy\" decoding=\"async\" width=\"1024\" height=\"1024\" data-id=\"48\" src=\"https:\/\/pechesteagathe.com\/wp-content\/uploads\/2023\/09\/camping2-1-1024x1024.png\" alt=\"\" class=\"wp-image-48\" srcset=\"https:\/\/pechesteagathe.com\/wp-content\/uploads\/2023\/09\/camping2-1-1024x1024.png 1024w, https:\/\/pechesteagathe.com\/wp-content\/uploads\/2023\/09\/camping2-1-300x300.png 300w, https:\/\/pechesteagathe.com\/wp-content\/uploads\/2023\/09\/camping2-1-150x150.png 150w, https:\/\/pechesteagathe.com\/wp-content\/uploads\/2023\/09\/camping2-1-768x768.png 768w, https:\/\/pechesteagathe.com\/wp-content\/uploads\/2023\/09\/camping2-1.png 1080w\" sizes=\"auto, (max-width: 1024px) 100vw, 1024px\" \/><\/figure>\n\n\n\n<figure class=\"wp-block-image size-large\"><img loading=\"lazy\" decoding=\"async\" width=\"1024\" height=\"1024\" data-id=\"41\" src=\"https:\/\/pechesteagathe.com\/wp-content\/uploads\/2023\/09\/Nouveau-projet-1024x1024.png\" alt=\"\" class=\"wp-image-41\" srcset=\"https:\/\/pechesteagathe.com\/wp-content\/uploads\/2023\/09\/Nouveau-projet-1024x1024.png 1024w, https:\/\/pechesteagathe.com\/wp-content\/uploads\/2023\/09\/Nouveau-projet-300x300.png 300w, https:\/\/pechesteagathe.com\/wp-content\/uploads\/2023\/09\/Nouveau-projet-150x150.png 150w, https:\/\/pechesteagathe.com\/wp-content\/uploads\/2023\/09\/Nouveau-projet-768x768.png 768w, https:\/\/pechesteagathe.com\/wp-content\/uploads\/2023\/09\/Nouveau-projet.png 1080w\" sizes=\"auto, (max-width: 1024px) 100vw, 1024px\" \/><\/figure>\n<\/figure>\n<\/div>\n\n\n\n<a name=\"contact\"><\/a>\n\n\n\n<p><h2>Coordonn\u00e9es<\/h2><\/p>\n\n\n\n<div class=\"wp-block-columns is-layout-flex wp-container-core-columns-is-layout-28f84493 wp-block-columns-is-layout-flex\">\n<div class=\"wp-block-column is-layout-flow wp-block-column-is-layout-flow\">\n<iframe src=\"https:\/\/www.google.com\/maps\/embed?pb=!1m18!1m12!1m3!1d2753.4989945227753!2d-71.37755852426154!3d46.359486971102825!2m3!1f0!2f0!3f0!3m2!1i1024!2i768!4f13.1!3m3!1m2!1s0x4cb842ecde819acb%3A0x81b2168d6ab5aa50!2sRue%20St%20Pierre%2C%20Sainte-Agathe-de-Lotbini%C3%A8re%2C%20QC!5e0!3m2!1sen!2sca!4v1692277174032!5m2!1sen!2sca\" width=\"600\" height=\"450\" style=\"border:0;\" allowfullscreen=\"\" loading=\"lazy\" referrerpolicy=\"no-referrer-when-downgrade\"><\/iframe>\n<\/div>\n\n\n\n<div class=\"wp-block-column is-layout-flow wp-block-column-is-layout-flow\">\n<p><strong>Domaine de P\u00eache Ste-Agathe de Lotbini\u00e8re<\/strong><\/p>\n\n\n\n<p>2764 Rue St Pierre<br>Sainte-Agathe-de-Lotbini\u00e8re, QC <br>G0S 2A0<\/p>\n\n\n\n<p>418 599-2602<\/p>\n\n\n\n<p><a rel=\"noreferrer noopener\" href=\"mailto:domaine.peche.sainte.agathe@gmail.com\" target=\"_blank\">domaine.peche.sainte.agathe@gmail.com<\/a><\/p>\n<\/div>\n<\/div>\n\n\n\n<div class=\"wp-block-group alignfull has-background has-global-padding is-layout-constrained wp-block-group-is-layout-constrained\" style=\"background-color:#9fd163\">\n<div class=\"wp-block-columns is-layout-flex wp-container-core-columns-is-layout-28f84493 wp-block-columns-is-layout-flex\">\n<div class=\"wp-block-column is-vertically-aligned-center is-layout-flow wp-block-column-is-layout-flow\">\n<p class=\"has-text-align-center\">\u00a9 Copyright 2023 \u2013 Domaine de p\u00eache<\/p>\n\n\n\n<div align=center>\n<a href=\"https:\/\/www.facebook.com\/profile.php?id=61560831898655\" target=\"_blank\" rel=\"noopener\"><img decoding=\"async\" width=50 src=\"\/wp-content\/uploads\/2023\/09\/facebook-1.png\"\/><\/a>\n<\/div>\n<\/div>\n<\/div>\n<\/div>\n","protected":false},"excerpt":{"rendered":"<p>Bienvenue au Domaine de p\u00eache de Sainte-Agathe-de-Lotbini\u00e8re, un lieu id\u00e9al pour la p\u00eache en famille au c\u0153ur de la nature ! P\u00eache Lac ensemenc\u00e9 de truites mouchet\u00e9es. Vous devez apporter &hellip; <\/p>\n<p class=\"link-more\"><a href=\"https:\/\/pechesteagathe.com\/\" class=\"more-link\">Read more<span class=\"screen-reader-text\"> \u00ab\u00a0\u00a0\u00bb<\/span><\/a><\/p>\n","protected":false},"author":1,"featured_media":14,"parent":0,"menu_order":0,"comment_status":"closed","ping_status":"closed","template":"","meta":{"footnotes":""},"class_list":["post-15","page","type-page","status-publish","has-post-thumbnail","hentry"],"_links":{"self":[{"href":"https:\/\/pechesteagathe.com\/index.php\/wp-json\/wp\/v2\/pages\/15","targetHints":{"allow":["GET"]}}],"collection":[{"href":"https:\/\/pechesteagathe.com\/index.php\/wp-json\/wp\/v2\/pages"}],"about":[{"href":"https:\/\/pechesteagathe.com\/index.php\/wp-json\/wp\/v2\/types\/page"}],"author":[{"embeddable":true,"href":"https:\/\/pechesteagathe.com\/index.php\/wp-json\/wp\/v2\/users\/1"}],"replies":[{"embeddable":true,"href":"https:\/\/pechesteagathe.com\/index.php\/wp-json\/wp\/v2\/comments?post=15"}],"version-history":[{"count":29,"href":"https:\/\/pechesteagathe.com\/index.php\/wp-json\/wp\/v2\/pages\/15\/revisions"}],"predecessor-version":[{"id":223,"href":"https:\/\/pechesteagathe.com\/index.php\/wp-json\/wp\/v2\/pages\/15\/revisions\/223"}],"wp:featuredmedia":[{"embeddable":true,"href":"https:\/\/pechesteagathe.com\/index.php\/wp-json\/wp\/v2\/media\/14"}],"wp:attachment":[{"href":"https:\/\/pechesteagathe.com\/index.php\/wp-json\/wp\/v2\/media?parent=15"}],"curies":[{"name":"wp","href":"https:\/\/api.w.org\/{rel}","templated":true}]}}